{"id":3146,"date":"2026-03-01T11:00:51","date_gmt":"2026-03-01T11:00:51","guid":{"rendered":"https:\/\/meddev.md\/?post_type=product&#038;p=3146"},"modified":"2026-03-01T11:01:24","modified_gmt":"2026-03-01T11:01:24","slug":"optimas-max","status":"publish","type":"product","link":"https:\/\/meddev.md\/ru\/product\/optimas-max\/","title":{"rendered":"Optimas Max"},"content":{"rendered":"<div class=\"elementor-element elementor-element-2f281b4b e-flex e-con-boxed e-con e-parent e-lazyloaded\" data-id=\"2f281b4b\" data-element_type=\"container\">\n<div class=\"e-con-inner\">\n<div class=\"elementor-element elementor-element-307a9e78 elementor-widget elementor-widget-text-editor\" data-id=\"307a9e78\" data-element_type=\"widget\" data-widget_type=\"text-editor.default\">\n<div class=\"elementor-widget-container\">\n<p><strong>Optimas Max<\/strong>\u00a0de la InMode este o platform\u0103 estetic\u0103 multifunc\u021bional\u0103 de ultim\u0103 genera\u021bie, proiectat\u0103 pentru a oferi o gam\u0103 larg\u0103 de tratamente estetice avansate, inclusiv radiofrecven\u021b\u0103 frac\u021bionat\u0103 (FRF), lumin\u0103 intens pulsat\u0103 (IPL), epilare definitiv\u0103 \u0219i tratamente vasculare.<\/p>\n<\/div>\n<\/div>\n<\/div>\n<\/div>\n<div class=\"elementor-element elementor-element-6428c6d3 e-flex e-con-boxed e-con e-parent e-lazyloaded\" data-id=\"6428c6d3\" data-element_type=\"container\">\n<div class=\"e-con-inner\">\n<div class=\"elementor-element elementor-element-4fa3d562 e-con-full e-flex e-con e-child\" data-id=\"4fa3d562\" data-element_type=\"container\">\n<div class=\"elementor-element elementor-element-39b6b855 elementor-widget elementor-widget-image\" data-id=\"39b6b855\" data-element_type=\"widget\" data-widget_type=\"image.default\">\n<div class=\"elementor-widget-container\"><img fetchpriority=\"high\" decoding=\"async\" class=\"attachment-large size-large wp-image-1527\" src=\"https:\/\/meddev.md\/wp-content\/uploads\/2025\/03\/Morpheus8Burst-1066x1200.jpg\" sizes=\"(max-width:767px) 480px, (max-width:1066px) 100vw, 1066px\" srcset=\"https:\/\/meddev.md\/wp-content\/uploads\/2025\/03\/Morpheus8Burst-1066x1200.jpg 1066w, https:\/\/meddev.md\/wp-content\/uploads\/2025\/03\/Morpheus8Burst-444x500.jpg 444w, https:\/\/meddev.md\/wp-content\/uploads\/2025\/03\/Morpheus8Burst-266x300.jpg 266w, https:\/\/meddev.md\/wp-content\/uploads\/2025\/03\/Morpheus8Burst-768x865.jpg 768w, https:\/\/meddev.md\/wp-content\/uploads\/2025\/03\/Morpheus8Burst-67x75.jpg 67w, https:\/\/meddev.md\/wp-content\/uploads\/2025\/03\/Morpheus8Burst-480x541.jpg 480w, https:\/\/meddev.md\/wp-content\/uploads\/2025\/03\/Morpheus8Burst.jpg 1079w\" alt=\"\" width=\"1066\" height=\"1200\" \/><\/div>\n<\/div>\n<\/div>\n<div class=\"elementor-element elementor-element-6fa91dfa e-con-full e-flex e-con e-child\" data-id=\"6fa91dfa\" data-element_type=\"container\">\n<div class=\"elementor-element elementor-element-4c9f5b1a elementor-widget elementor-widget-heading\" data-id=\"4c9f5b1a\" data-element_type=\"widget\" data-widget_type=\"heading.default\">\n<div class=\"elementor-widget-container\">\n<h3 class=\"elementor-heading-title elementor-size-default\">\u041f\u0440\u0435\u0438\u043c\u0443\u0449\u0435\u0441\u0442\u0432\u0430 \u043e\u0431\u043e\u0440\u0443\u0434\u043e\u0432\u0430\u043d\u0438\u044f<\/h3>\n<\/div>\n<\/div>\n<div class=\"elementor-element elementor-element-2001d819 elementor-widget elementor-widget-mfn_list\" data-id=\"2001d819\" data-element_type=\"widget\" data-widget_type=\"mfn_list.default\">\n<div class=\"elementor-widget-container\">\n<div class=\"list_item lists_2 clearfix\">\n<div class=\"list_left list_icon\"><\/div>\n<div class=\"list_right\">\n<h4 class=\"title\">\u041d\u0435\u0441\u043a\u043e\u043b\u044c\u043a\u043e \u043f\u0440\u043e\u0446\u0435\u0434\u0443\u0440 \u0432 \u043e\u0434\u043d\u043e\u043c \u0430\u043f\u043f\u0430\u0440\u0430\u0442\u0435<\/h4>\n<div class=\"desc\">\n<p>\u041e\u043d \u043f\u0440\u0435\u0434\u043b\u0430\u0433\u0430\u0435\u0442 \u043f\u043e\u043b\u043d\u044b\u0439 \u0441\u043f\u0435\u043a\u0442\u0440 \u044d\u0441\u0442\u0435\u0442\u0438\u0447\u0435\u0441\u043a\u0438\u0445 \u0440\u0435\u0448\u0435\u043d\u0438\u0439 - \u043e\u0442 \u043e\u043c\u043e\u043b\u043e\u0436\u0435\u043d\u0438\u044f \u043b\u0438\u0446\u0430 \u0438 \u0441\u043e\u0441\u0443\u0434\u0438\u0441\u0442\u044b\u0445 \u043f\u0440\u043e\u0446\u0435\u0434\u0443\u0440 \u0434\u043e \u043f\u0435\u0440\u043c\u0430\u043d\u0435\u043d\u0442\u043d\u043e\u0439 \u044d\u043f\u0438\u043b\u044f\u0446\u0438\u0438 \u0438 \u0440\u0435\u043c\u043e\u0434\u0435\u043b\u0438\u0440\u043e\u0432\u0430\u043d\u0438\u044f \u0442\u0435\u043b\u0430.<\/p>\n<\/div>\n<\/div>\n<\/div>\n<\/div>\n<\/div>\n<div class=\"elementor-element elementor-element-60a3c2a6 elementor-widget elementor-widget-mfn_list\" data-id=\"60a3c2a6\" data-element_type=\"widget\" data-widget_type=\"mfn_list.default\">\n<div class=\"elementor-widget-container\">\n<div class=\"list_item lists_2 clearfix\">\n<div class=\"list_left list_icon\"><\/div>\n<div class=\"list_right\">\n<h4 class=\"title\">\u0411\u044b\u0441\u0442\u0440\u044b\u0435 \u0438 \u0437\u0430\u043c\u0435\u0442\u043d\u044b\u0435 \u0440\u0435\u0437\u0443\u043b\u044c\u0442\u0430\u0442\u044b<\/h4>\n<div class=\"desc\">\n<p>\u0412\u044b\u0441\u043e\u043a\u043e\u044d\u0444\u0444\u0435\u043a\u0442\u0438\u0432\u043d\u044b\u0435 \u0442\u0435\u0445\u043d\u043e\u043b\u043e\u0433\u0438\u0438, \u0442\u0430\u043a\u0438\u0435 \u043a\u0430\u043a Morpheus8 Burst, Lumecca Peak \u0438\u043b\u0438 DiolazeXL, \u0434\u0430\u044e\u0442 \u0437\u0430\u043c\u0435\u0442\u043d\u044b\u0435 \u0440\u0435\u0437\u0443\u043b\u044c\u0442\u0430\u0442\u044b \u0443\u0436\u0435 \u043f\u043e\u0441\u043b\u0435 \u043d\u0435\u0441\u043a\u043e\u043b\u044c\u043a\u0438\u0445 \u043f\u0435\u0440\u0432\u044b\u0445 \u0441\u0435\u0430\u043d\u0441\u043e\u0432.<\/p>\n<\/div>\n<\/div>\n<\/div>\n<\/div>\n<\/div>\n<div class=\"elementor-element elementor-element-2b6ec133 elementor-widget elementor-widget-mfn_list\" data-id=\"2b6ec133\" data-element_type=\"widget\" data-widget_type=\"mfn_list.default\">\n<div class=\"elementor-widget-container\">\n<div class=\"list_item lists_2 clearfix\">\n<div class=\"list_left list_icon\"><\/div>\n<div class=\"list_right\">\n<h4 class=\"title\">\u041c\u0430\u043a\u0441\u0438\u043c\u0430\u043b\u044c\u043d\u0430\u044f \u043f\u0435\u0440\u0441\u043e\u043d\u0430\u043b\u0438\u0437\u0430\u0446\u0438\u044f \u043f\u0440\u043e\u0446\u0435\u0434\u0443\u0440<\/h4>\n<div class=\"desc\">\n<p>\u041e\u043d \u043f\u043e\u0437\u0432\u043e\u043b\u044f\u0435\u0442 \u0440\u0435\u0433\u0443\u043b\u0438\u0440\u043e\u0432\u0430\u0442\u044c \u0433\u043b\u0443\u0431\u0438\u043d\u0443, \u044d\u043d\u0435\u0440\u0433\u0438\u044e \u0438 \u043f\u0440\u043e\u0434\u043e\u043b\u0436\u0438\u0442\u0435\u043b\u044c\u043d\u043e\u0441\u0442\u044c \u043a\u0430\u0436\u0434\u043e\u0433\u043e \u0438\u043c\u043f\u0443\u043b\u044c\u0441\u0430 \u0432 \u0441\u043e\u043e\u0442\u0432\u0435\u0442\u0441\u0442\u0432\u0438\u0438 \u0441 \u043a\u043e\u043d\u043a\u0440\u0435\u0442\u043d\u044b\u043c\u0438 \u043f\u043e\u0442\u0440\u0435\u0431\u043d\u043e\u0441\u0442\u044f\u043c\u0438 \u043f\u0430\u0446\u0438\u0435\u043d\u0442\u0430.<\/p>\n<\/div>\n<\/div>\n<\/div>\n<\/div>\n<\/div>\n<div class=\"elementor-element elementor-element-7a9e145c elementor-widget elementor-widget-mfn_list\" data-id=\"7a9e145c\" data-element_type=\"widget\" data-widget_type=\"mfn_list.default\">\n<div class=\"elementor-widget-container\">\n<div class=\"list_item lists_2 clearfix\">\n<div class=\"list_left list_icon\"><\/div>\n<div class=\"list_right\">\n<h4 class=\"title\">\u041f\u043e\u0434\u0445\u043e\u0434\u0438\u0442 \u0434\u043b\u044f \u0432\u0441\u0435\u0445 \u0442\u0438\u043f\u043e\u0432 \u043a\u043e\u0436\u0438<\/h4>\n<div class=\"desc\">\n<p>\u0411\u043b\u0430\u0433\u043e\u0434\u0430\u0440\u044f \u0442\u0435\u0445\u043d\u043e\u043b\u043e\u0433\u0438\u0438 Fusion Light &amp; Dark \u044d\u043f\u0438\u043b\u044f\u0446\u0438\u044f \u0431\u0435\u0437\u043e\u043f\u0430\u0441\u043d\u0430 \u0434\u0430\u0436\u0435 \u0434\u043b\u044f \u0442\u0435\u043c\u043d\u043e\u0439 \u043a\u043e\u0436\u0438.<\/p>\n<\/div>\n<\/div>\n<\/div>\n<\/div>\n<\/div>\n<div class=\"elementor-element elementor-element-e1167df elementor-widget elementor-widget-mfn_list\" data-id=\"e1167df\" data-element_type=\"widget\" data-widget_type=\"mfn_list.default\">\n<div class=\"elementor-widget-container\">\n<div class=\"list_item lists_2 clearfix\">\n<div class=\"list_left list_icon\"><\/div>\n<div class=\"list_right\">\n<h4 class=\"title\">\u041c\u0438\u043d\u0438\u043c\u0430\u043b\u044c\u043d\u043e \u0438\u043d\u0432\u0430\u0437\u0438\u0432\u043d\u044b\u0439 \u0438 \u0431\u0435\u0437\u0431\u043e\u043b\u0435\u0437\u043d\u0435\u043d\u043d\u044b\u0439<\/h4>\n<div class=\"desc\">\n<p>\u041f\u0440\u043e\u0446\u0435\u0434\u0443\u0440\u044b \u043a\u043e\u043c\u0444\u043e\u0440\u0442\u043d\u044b, \u043d\u0435\u0438\u043d\u0432\u0430\u0437\u0438\u0432\u043d\u044b \u0438 \u043d\u0435 \u0442\u0440\u0435\u0431\u0443\u044e\u0442 \u0432\u043e\u0441\u0441\u0442\u0430\u043d\u043e\u0432\u0438\u0442\u0435\u043b\u044c\u043d\u043e\u0433\u043e \u043f\u0435\u0440\u0438\u043e\u0434\u0430.<\/p>\n<\/div>\n<\/div>\n<\/div>\n<\/div>\n<\/div>\n<div class=\"elementor-element elementor-element-49fef1c4 elementor-widget elementor-widget-mfn_list\" data-id=\"49fef1c4\" data-element_type=\"widget\" data-widget_type=\"mfn_list.default\">\n<div class=\"elementor-widget-container\">\n<div class=\"list_item lists_2 clearfix\">\n<div class=\"list_left list_icon\"><\/div>\n<div class=\"list_right\">\n<h4 class=\"title\">\u041f\u043e\u0441\u0442\u043e\u044f\u043d\u043d\u044b\u0439 \u0434\u043e\u0445\u043e\u0434 \u0434\u043b\u044f \u043a\u043b\u0438\u043d\u0438\u043a<\/h4>\n<div class=\"desc\">\n<p>\u041e\u043d \u043f\u0440\u0435\u0434\u043b\u0430\u0433\u0430\u0435\u0442 \u043f\u0440\u043e\u0446\u0435\u0434\u0443\u0440\u044b, \u043f\u043e\u043b\u044c\u0437\u0443\u044e\u0449\u0438\u0435\u0441\u044f \u043f\u043e\u0441\u0442\u043e\u044f\u043d\u043d\u044b\u043c \u0441\u043f\u0440\u043e\u0441\u043e\u043c, \u0438 \u0432\u043e\u0437\u043c\u043e\u0436\u043d\u043e\u0441\u0442\u044c \u043b\u043e\u044f\u043b\u044c\u043d\u043e\u0441\u0442\u0438 \u043f\u0430\u0446\u0438\u0435\u043d\u0442\u043e\u0432.<\/p>\n<\/div>\n<\/div>\n<\/div>\n<\/div>\n<\/div>\n<\/div>\n<\/div>\n<\/div>","protected":false},"excerpt":{"rendered":"<p>Optimas Max\u00a0de la InMode este o platform\u0103 estetic\u0103 multifunc\u021bional\u0103 de ultim\u0103 genera\u021bie, proiectat\u0103 pentru a oferi o gam\u0103 larg\u0103 de tratamente estetice avansate, inclusiv radiofrecven\u021b\u0103 frac\u021bionat\u0103<span class=\"excerpt-hellip\"> [\u2026]<\/span><\/p>\n","protected":false},"featured_media":2313,"comment_status":"open","ping_status":"closed","template":"","meta":[],"product_brand":[],"product_cat":[48],"product_tag":[],"class_list":{"0":"post-3146","1":"product","2":"type-product","3":"status-publish","4":"has-post-thumbnail","6":"product_cat-fara-categorie","8":"first","9":"instock","10":"shipping-taxable","11":"product-type-simple"},"yoast_head":"<!-- This site is optimized with the Yoast SEO plugin v24.8.1 - https:\/\/yoast.com\/wordpress\/plugins\/seo\/ -->\n<title>Optimas Max - MedDev<\/title>\n<meta name=\"robots\" content=\"index, follow, max-snippet:-1, max-image-preview:large, max-video-preview:-1\" \/>\n<link rel=\"canonical\" href=\"https:\/\/meddev.md\/ru\/product\/optimas-max\/\" \/>\n<meta property=\"og:locale\" content=\"ru_RU\" \/>\n<meta property=\"og:type\" content=\"article\" \/>\n<meta property=\"og:title\" content=\"Optimas Max - MedDev\" \/>\n<meta property=\"og:description\" content=\"Optimas Max\u00a0de la InMode este o platform\u0103 estetic\u0103 multifunc\u021bional\u0103 de ultim\u0103 genera\u021bie, proiectat\u0103 pentru a oferi o gam\u0103 larg\u0103 de tratamente estetice avansate, inclusiv radiofrecven\u021b\u0103 frac\u021bionat\u0103 [\u2026]\" \/>\n<meta property=\"og:url\" content=\"https:\/\/meddev.md\/ru\/product\/optimas-max\/\" \/>\n<meta property=\"og:site_name\" content=\"MedDev\" \/>\n<meta property=\"article:publisher\" content=\"https:\/\/www.facebook.com\/meddev.md\" \/>\n<meta property=\"article:modified_time\" content=\"2026-03-01T11:01:24+00:00\" \/>\n<meta property=\"og:image\" content=\"https:\/\/meddev.md\/wp-content\/uploads\/2025\/05\/477734447_656572910223031_8572105520580424097_n.jpg\" \/>\n\t<meta property=\"og:image:width\" content=\"1364\" \/>\n\t<meta property=\"og:image:height\" content=\"2048\" \/>\n\t<meta property=\"og:image:type\" content=\"image\/jpeg\" \/>\n<meta name=\"twitter:card\" content=\"summary_large_image\" \/>\n<meta name=\"twitter:label1\" content=\"\u041f\u0440\u0438\u043c\u0435\u0440\u043d\u043e\u0435 \u0432\u0440\u0435\u043c\u044f \u0434\u043b\u044f \u0447\u0442\u0435\u043d\u0438\u044f\" \/>\n\t<meta name=\"twitter:data1\" content=\"2 \u043c\u0438\u043d\u0443\u0442\u044b\" \/>\n<script type=\"application\/ld+json\" class=\"yoast-schema-graph\">{\"@context\":\"https:\/\/schema.org\",\"@graph\":[{\"@type\":\"WebPage\",\"@id\":\"https:\/\/meddev.md\/produs\/optimas-max\/\",\"url\":\"https:\/\/meddev.md\/produs\/optimas-max\/\",\"name\":\"Optimas Max - MedDev\",\"isPartOf\":{\"@id\":\"https:\/\/meddev.md\/#website\"},\"primaryImageOfPage\":{\"@id\":\"https:\/\/meddev.md\/produs\/optimas-max\/#primaryimage\"},\"image\":{\"@id\":\"https:\/\/meddev.md\/produs\/optimas-max\/#primaryimage\"},\"thumbnailUrl\":\"https:\/\/meddev.md\/wp-content\/uploads\/2025\/05\/477734447_656572910223031_8572105520580424097_n.jpg\",\"datePublished\":\"2026-03-01T11:00:51+00:00\",\"dateModified\":\"2026-03-01T11:01:24+00:00\",\"breadcrumb\":{\"@id\":\"https:\/\/meddev.md\/produs\/optimas-max\/#breadcrumb\"},\"inLanguage\":\"ru-RU\",\"potentialAction\":[{\"@type\":\"ReadAction\",\"target\":[\"https:\/\/meddev.md\/produs\/optimas-max\/\"]}]},{\"@type\":\"ImageObject\",\"inLanguage\":\"ru-RU\",\"@id\":\"https:\/\/meddev.md\/produs\/optimas-max\/#primaryimage\",\"url\":\"https:\/\/meddev.md\/wp-content\/uploads\/2025\/05\/477734447_656572910223031_8572105520580424097_n.jpg\",\"contentUrl\":\"https:\/\/meddev.md\/wp-content\/uploads\/2025\/05\/477734447_656572910223031_8572105520580424097_n.jpg\",\"width\":1364,\"height\":2048},{\"@type\":\"BreadcrumbList\",\"@id\":\"https:\/\/meddev.md\/produs\/optimas-max\/#breadcrumb\",\"itemListElement\":[{\"@type\":\"ListItem\",\"position\":1,\"name\":\"Prima pagin\u0103\",\"item\":\"https:\/\/meddev.md\/\"},{\"@type\":\"ListItem\",\"position\":2,\"name\":\"Magazin\",\"item\":\"https:\/\/meddev.md\/?page_id=3136\"},{\"@type\":\"ListItem\",\"position\":3,\"name\":\"Optimas Max\"}]},{\"@type\":\"WebSite\",\"@id\":\"https:\/\/meddev.md\/#website\",\"url\":\"https:\/\/meddev.md\/\",\"name\":\"MedDev\",\"description\":\"\",\"publisher\":{\"@id\":\"https:\/\/meddev.md\/#organization\"},\"potentialAction\":[{\"@type\":\"SearchAction\",\"target\":{\"@type\":\"EntryPoint\",\"urlTemplate\":\"https:\/\/meddev.md\/?s={search_term_string}\"},\"query-input\":{\"@type\":\"PropertyValueSpecification\",\"valueRequired\":true,\"valueName\":\"search_term_string\"}}],\"inLanguage\":\"ru-RU\"},{\"@type\":\"Organization\",\"@id\":\"https:\/\/meddev.md\/#organization\",\"name\":\"MedDev\",\"url\":\"https:\/\/meddev.md\/\",\"logo\":{\"@type\":\"ImageObject\",\"inLanguage\":\"ru-RU\",\"@id\":\"https:\/\/meddev.md\/#\/schema\/logo\/image\/\",\"url\":\"https:\/\/meddev.md\/wp-content\/uploads\/2025\/03\/1_m.svg\",\"contentUrl\":\"https:\/\/meddev.md\/wp-content\/uploads\/2025\/03\/1_m.svg\",\"width\":100,\"height\":100,\"caption\":\"MedDev\"},\"image\":{\"@id\":\"https:\/\/meddev.md\/#\/schema\/logo\/image\/\"},\"sameAs\":[\"https:\/\/www.facebook.com\/meddev.md\",\"https:\/\/www.instagram.com\/meddev.md\/\"]}]}<\/script>\n<!-- \/ Yoast SEO plugin. -->","yoast_head_json":{"title":"Optimas Max - MedDev","robots":{"index":"index","follow":"follow","max-snippet":"max-snippet:-1","max-image-preview":"max-image-preview:large","max-video-preview":"max-video-preview:-1"},"canonical":"https:\/\/meddev.md\/ru\/product\/optimas-max\/","og_locale":"ru_RU","og_type":"article","og_title":"Optimas Max - MedDev","og_description":"Optimas Max\u00a0de la InMode este o platform\u0103 estetic\u0103 multifunc\u021bional\u0103 de ultim\u0103 genera\u021bie, proiectat\u0103 pentru a oferi o gam\u0103 larg\u0103 de tratamente estetice avansate, inclusiv radiofrecven\u021b\u0103 frac\u021bionat\u0103 [\u2026]","og_url":"https:\/\/meddev.md\/ru\/product\/optimas-max\/","og_site_name":"MedDev","article_publisher":"https:\/\/www.facebook.com\/meddev.md","article_modified_time":"2026-03-01T11:01:24+00:00","og_image":[{"width":1364,"height":2048,"url":"https:\/\/meddev.md\/wp-content\/uploads\/2025\/05\/477734447_656572910223031_8572105520580424097_n.jpg","type":"image\/jpeg"}],"twitter_card":"summary_large_image","twitter_misc":{"\u041f\u0440\u0438\u043c\u0435\u0440\u043d\u043e\u0435 \u0432\u0440\u0435\u043c\u044f \u0434\u043b\u044f \u0447\u0442\u0435\u043d\u0438\u044f":"2 \u043c\u0438\u043d\u0443\u0442\u044b"},"schema":{"@context":"https:\/\/schema.org","@graph":[{"@type":"WebPage","@id":"https:\/\/meddev.md\/produs\/optimas-max\/","url":"https:\/\/meddev.md\/produs\/optimas-max\/","name":"Optimas Max - MedDev","isPartOf":{"@id":"https:\/\/meddev.md\/#website"},"primaryImageOfPage":{"@id":"https:\/\/meddev.md\/produs\/optimas-max\/#primaryimage"},"image":{"@id":"https:\/\/meddev.md\/produs\/optimas-max\/#primaryimage"},"thumbnailUrl":"https:\/\/meddev.md\/wp-content\/uploads\/2025\/05\/477734447_656572910223031_8572105520580424097_n.jpg","datePublished":"2026-03-01T11:00:51+00:00","dateModified":"2026-03-01T11:01:24+00:00","breadcrumb":{"@id":"https:\/\/meddev.md\/produs\/optimas-max\/#breadcrumb"},"inLanguage":"ru-RU","potentialAction":[{"@type":"ReadAction","target":["https:\/\/meddev.md\/produs\/optimas-max\/"]}]},{"@type":"ImageObject","inLanguage":"ru-RU","@id":"https:\/\/meddev.md\/produs\/optimas-max\/#primaryimage","url":"https:\/\/meddev.md\/wp-content\/uploads\/2025\/05\/477734447_656572910223031_8572105520580424097_n.jpg","contentUrl":"https:\/\/meddev.md\/wp-content\/uploads\/2025\/05\/477734447_656572910223031_8572105520580424097_n.jpg","width":1364,"height":2048},{"@type":"BreadcrumbList","@id":"https:\/\/meddev.md\/produs\/optimas-max\/#breadcrumb","itemListElement":[{"@type":"ListItem","position":1,"name":"Prima pagin\u0103","item":"https:\/\/meddev.md\/"},{"@type":"ListItem","position":2,"name":"Magazin","item":"https:\/\/meddev.md\/?page_id=3136"},{"@type":"ListItem","position":3,"name":"Optimas Max"}]},{"@type":"WebSite","@id":"https:\/\/meddev.md\/#website","url":"https:\/\/meddev.md\/","name":"MedDev","description":"","publisher":{"@id":"https:\/\/meddev.md\/#organization"},"potentialAction":[{"@type":"SearchAction","target":{"@type":"EntryPoint","urlTemplate":"https:\/\/meddev.md\/?s={search_term_string}"},"query-input":{"@type":"PropertyValueSpecification","valueRequired":true,"valueName":"search_term_string"}}],"inLanguage":"ru-RU"},{"@type":"Organization","@id":"https:\/\/meddev.md\/#organization","name":"MedDev","url":"https:\/\/meddev.md\/","logo":{"@type":"ImageObject","inLanguage":"ru-RU","@id":"https:\/\/meddev.md\/#\/schema\/logo\/image\/","url":"https:\/\/meddev.md\/wp-content\/uploads\/2025\/03\/1_m.svg","contentUrl":"https:\/\/meddev.md\/wp-content\/uploads\/2025\/03\/1_m.svg","width":100,"height":100,"caption":"MedDev"},"image":{"@id":"https:\/\/meddev.md\/#\/schema\/logo\/image\/"},"sameAs":["https:\/\/www.facebook.com\/meddev.md","https:\/\/www.instagram.com\/meddev.md\/"]}]}},"_links":{"self":[{"href":"https:\/\/meddev.md\/ru\/wp-json\/wp\/v2\/product\/3146","targetHints":{"allow":["GET"]}}],"collection":[{"href":"https:\/\/meddev.md\/ru\/wp-json\/wp\/v2\/product"}],"about":[{"href":"https:\/\/meddev.md\/ru\/wp-json\/wp\/v2\/types\/product"}],"replies":[{"embeddable":true,"href":"https:\/\/meddev.md\/ru\/wp-json\/wp\/v2\/comments?post=3146"}],"version-history":[{"count":1,"href":"https:\/\/meddev.md\/ru\/wp-json\/wp\/v2\/product\/3146\/revisions"}],"predecessor-version":[{"id":3147,"href":"https:\/\/meddev.md\/ru\/wp-json\/wp\/v2\/product\/3146\/revisions\/3147"}],"wp:featuredmedia":[{"embeddable":true,"href":"https:\/\/meddev.md\/ru\/wp-json\/wp\/v2\/media\/2313"}],"wp:attachment":[{"href":"https:\/\/meddev.md\/ru\/wp-json\/wp\/v2\/media?parent=3146"}],"wp:term":[{"taxonomy":"product_brand","embeddable":true,"href":"https:\/\/meddev.md\/ru\/wp-json\/wp\/v2\/product_brand?post=3146"},{"taxonomy":"product_cat","embeddable":true,"href":"https:\/\/meddev.md\/ru\/wp-json\/wp\/v2\/product_cat?post=3146"},{"taxonomy":"product_tag","embeddable":true,"href":"https:\/\/meddev.md\/ru\/wp-json\/wp\/v2\/product_tag?post=3146"}],"curies":[{"name":"wp","href":"https:\/\/api.w.org\/{rel}","templated":true}]}}