{"id":17,"date":"2022-10-18T10:54:48","date_gmt":"2022-10-18T10:54:48","guid":{"rendered":"https:\/\/medd.agensium.com\/?page_id=17"},"modified":"2025-04-09T17:15:55","modified_gmt":"2025-04-09T17:15:55","slug":"packages","status":"publish","type":"page","link":"https:\/\/meddev.md\/ru\/packages\/","title":{"rendered":"\u041f\u0430\u043a\u0435\u0442\u044b \u0443\u0441\u043b\u0443\u0433"},"content":{"rendered":"","protected":false},"excerpt":{"rendered":"","protected":false},"author":1,"featured_media":0,"parent":0,"menu_order":0,"comment_status":"open","ping_status":"closed","template":"","meta":{"footnotes":""},"class_list":["post-17","page","type-page","status-publish","hentry"],"yoast_head":"<!-- This site is optimized with the Yoast SEO plugin v24.8.1 - https:\/\/yoast.com\/wordpress\/plugins\/seo\/ -->\n<title>Tratamente Estetice Avansate \u2013 MedDev<\/title>\n<meta name=\"description\" content=\"Descoper\u0103 tratamente estetice avansate pentru rejuvenare, \u00eembun\u0103t\u0103\u021birea texturii pielii \u0219i reducerea ridurilor. Solu\u021bii non-invazive.\" \/>\n<meta name=\"robots\" content=\"index, follow, max-snippet:-1, max-image-preview:large, max-video-preview:-1\" \/>\n<link rel=\"canonical\" href=\"https:\/\/meddev.md\/ru\/packages\/\" \/>\n<meta property=\"og:locale\" content=\"ru_RU\" \/>\n<meta property=\"og:type\" content=\"article\" \/>\n<meta property=\"og:title\" content=\"Tratamente Estetice Avansate \u2013 MedDev\" \/>\n<meta property=\"og:description\" content=\"Descoper\u0103 tratamente estetice avansate pentru rejuvenare, \u00eembun\u0103t\u0103\u021birea texturii pielii \u0219i reducerea ridurilor. Solu\u021bii non-invazive.\" \/>\n<meta property=\"og:url\" content=\"https:\/\/meddev.md\/ru\/packages\/\" \/>\n<meta property=\"og:site_name\" content=\"MedDev\" \/>\n<meta property=\"article:publisher\" content=\"https:\/\/www.facebook.com\/meddev.md\" \/>\n<meta property=\"article:modified_time\" content=\"2025-04-09T17:15:55+00:00\" \/>\n<meta name=\"twitter:card\" content=\"summary_large_image\" \/>\n<script type=\"application\/ld+json\" class=\"yoast-schema-graph\">{\"@context\":\"https:\/\/schema.org\",\"@graph\":[{\"@type\":\"WebPage\",\"@id\":\"https:\/\/meddev.md\/packages\/\",\"url\":\"https:\/\/meddev.md\/packages\/\",\"name\":\"Tratamente Estetice Avansate \u2013 MedDev\",\"isPartOf\":{\"@id\":\"https:\/\/meddev.md\/#website\"},\"datePublished\":\"2022-10-18T10:54:48+00:00\",\"dateModified\":\"2025-04-09T17:15:55+00:00\",\"description\":\"Descoper\u0103 tratamente estetice avansate pentru rejuvenare, \u00eembun\u0103t\u0103\u021birea texturii pielii \u0219i reducerea ridurilor. Solu\u021bii non-invazive.\",\"breadcrumb\":{\"@id\":\"https:\/\/meddev.md\/packages\/#breadcrumb\"},\"inLanguage\":\"ru-RU\",\"potentialAction\":[{\"@type\":\"ReadAction\",\"target\":[\"https:\/\/meddev.md\/packages\/\"]}]},{\"@type\":\"BreadcrumbList\",\"@id\":\"https:\/\/meddev.md\/packages\/#breadcrumb\",\"itemListElement\":[{\"@type\":\"ListItem\",\"position\":1,\"name\":\"Prima pagin\u0103\",\"item\":\"https:\/\/meddev.md\/\"},{\"@type\":\"ListItem\",\"position\":2,\"name\":\"Packages\"}]},{\"@type\":\"WebSite\",\"@id\":\"https:\/\/meddev.md\/#website\",\"url\":\"https:\/\/meddev.md\/\",\"name\":\"MedDev\",\"description\":\"\",\"publisher\":{\"@id\":\"https:\/\/meddev.md\/#organization\"},\"potentialAction\":[{\"@type\":\"SearchAction\",\"target\":{\"@type\":\"EntryPoint\",\"urlTemplate\":\"https:\/\/meddev.md\/?s={search_term_string}\"},\"query-input\":{\"@type\":\"PropertyValueSpecification\",\"valueRequired\":true,\"valueName\":\"search_term_string\"}}],\"inLanguage\":\"ru-RU\"},{\"@type\":\"Organization\",\"@id\":\"https:\/\/meddev.md\/#organization\",\"name\":\"MedDev\",\"url\":\"https:\/\/meddev.md\/\",\"logo\":{\"@type\":\"ImageObject\",\"inLanguage\":\"ru-RU\",\"@id\":\"https:\/\/meddev.md\/#\/schema\/logo\/image\/\",\"url\":\"https:\/\/meddev.md\/wp-content\/uploads\/2025\/03\/1_m.svg\",\"contentUrl\":\"https:\/\/meddev.md\/wp-content\/uploads\/2025\/03\/1_m.svg\",\"width\":100,\"height\":100,\"caption\":\"MedDev\"},\"image\":{\"@id\":\"https:\/\/meddev.md\/#\/schema\/logo\/image\/\"},\"sameAs\":[\"https:\/\/www.facebook.com\/meddev.md\",\"https:\/\/www.instagram.com\/meddev.md\/\"]}]}<\/script>\n<!-- \/ Yoast SEO plugin. -->","yoast_head_json":{"title":"Tratamente Estetice Avansate \u2013 MedDev","description":"Descoper\u0103 tratamente estetice avansate pentru rejuvenare, \u00eembun\u0103t\u0103\u021birea texturii pielii \u0219i reducerea ridurilor. Solu\u021bii non-invazive.","robots":{"index":"index","follow":"follow","max-snippet":"max-snippet:-1","max-image-preview":"max-image-preview:large","max-video-preview":"max-video-preview:-1"},"canonical":"https:\/\/meddev.md\/ru\/packages\/","og_locale":"ru_RU","og_type":"article","og_title":"Tratamente Estetice Avansate \u2013 MedDev","og_description":"Descoper\u0103 tratamente estetice avansate pentru rejuvenare, \u00eembun\u0103t\u0103\u021birea texturii pielii \u0219i reducerea ridurilor. Solu\u021bii non-invazive.","og_url":"https:\/\/meddev.md\/ru\/packages\/","og_site_name":"MedDev","article_publisher":"https:\/\/www.facebook.com\/meddev.md","article_modified_time":"2025-04-09T17:15:55+00:00","twitter_card":"summary_large_image","schema":{"@context":"https:\/\/schema.org","@graph":[{"@type":"WebPage","@id":"https:\/\/meddev.md\/packages\/","url":"https:\/\/meddev.md\/packages\/","name":"Tratamente Estetice Avansate \u2013 MedDev","isPartOf":{"@id":"https:\/\/meddev.md\/#website"},"datePublished":"2022-10-18T10:54:48+00:00","dateModified":"2025-04-09T17:15:55+00:00","description":"Descoper\u0103 tratamente estetice avansate pentru rejuvenare, \u00eembun\u0103t\u0103\u021birea texturii pielii \u0219i reducerea ridurilor. Solu\u021bii non-invazive.","breadcrumb":{"@id":"https:\/\/meddev.md\/packages\/#breadcrumb"},"inLanguage":"ru-RU","potentialAction":[{"@type":"ReadAction","target":["https:\/\/meddev.md\/packages\/"]}]},{"@type":"BreadcrumbList","@id":"https:\/\/meddev.md\/packages\/#breadcrumb","itemListElement":[{"@type":"ListItem","position":1,"name":"Prima pagin\u0103","item":"https:\/\/meddev.md\/"},{"@type":"ListItem","position":2,"name":"Packages"}]},{"@type":"WebSite","@id":"https:\/\/meddev.md\/#website","url":"https:\/\/meddev.md\/","name":"MedDev","description":"","publisher":{"@id":"https:\/\/meddev.md\/#organization"},"potentialAction":[{"@type":"SearchAction","target":{"@type":"EntryPoint","urlTemplate":"https:\/\/meddev.md\/?s={search_term_string}"},"query-input":{"@type":"PropertyValueSpecification","valueRequired":true,"valueName":"search_term_string"}}],"inLanguage":"ru-RU"},{"@type":"Organization","@id":"https:\/\/meddev.md\/#organization","name":"MedDev","url":"https:\/\/meddev.md\/","logo":{"@type":"ImageObject","inLanguage":"ru-RU","@id":"https:\/\/meddev.md\/#\/schema\/logo\/image\/","url":"https:\/\/meddev.md\/wp-content\/uploads\/2025\/03\/1_m.svg","contentUrl":"https:\/\/meddev.md\/wp-content\/uploads\/2025\/03\/1_m.svg","width":100,"height":100,"caption":"MedDev"},"image":{"@id":"https:\/\/meddev.md\/#\/schema\/logo\/image\/"},"sameAs":["https:\/\/www.facebook.com\/meddev.md","https:\/\/www.instagram.com\/meddev.md\/"]}]}},"_links":{"self":[{"href":"https:\/\/meddev.md\/ru\/wp-json\/wp\/v2\/pages\/17","targetHints":{"allow":["GET"]}}],"collection":[{"href":"https:\/\/meddev.md\/ru\/wp-json\/wp\/v2\/pages"}],"about":[{"href":"https:\/\/meddev.md\/ru\/wp-json\/wp\/v2\/types\/page"}],"author":[{"embeddable":true,"href":"https:\/\/meddev.md\/ru\/wp-json\/wp\/v2\/users\/1"}],"replies":[{"embeddable":true,"href":"https:\/\/meddev.md\/ru\/wp-json\/wp\/v2\/comments?post=17"}],"version-history":[{"count":6,"href":"https:\/\/meddev.md\/ru\/wp-json\/wp\/v2\/pages\/17\/revisions"}],"predecessor-version":[{"id":1061,"href":"https:\/\/meddev.md\/ru\/wp-json\/wp\/v2\/pages\/17\/revisions\/1061"}],"wp:attachment":[{"href":"https:\/\/meddev.md\/ru\/wp-json\/wp\/v2\/media?parent=17"}],"curies":[{"name":"wp","href":"https:\/\/api.w.org\/{rel}","templated":true}]}}