{"id":1136,"date":"2025-03-25T12:14:42","date_gmt":"2025-03-25T12:14:42","guid":{"rendered":"https:\/\/medd.agensium.com\/?page_id=1136"},"modified":"2026-03-01T12:49:06","modified_gmt":"2026-03-01T12:49:06","slug":"tehnologii","status":"publish","type":"page","link":"https:\/\/meddev.md\/ru\/tehnologii\/","title":{"rendered":"\u0422\u0435\u0445\u043d\u043e\u043b\u043e\u0433\u0438\u0438"},"content":{"rendered":"<p><\/p>\n\n\n\n<p><\/p>","protected":false},"excerpt":{"rendered":"","protected":false},"author":1,"featured_media":0,"parent":0,"menu_order":0,"comment_status":"closed","ping_status":"closed","template":"","meta":{"footnotes":""},"class_list":["post-1136","page","type-page","status-publish","hentry"],"yoast_head":"<!-- This site is optimized with the Yoast SEO plugin v24.8.1 - https:\/\/yoast.com\/wordpress\/plugins\/seo\/ -->\n<title>Tehnologii Estetice Avansate | Solu\u021bii Inovative \u2013 MedDev<\/title>\n<meta name=\"description\" content=\"Exploreaz\u0103 tehnologiile estetice avansate pentru rejuvenare facial\u0103, tratamente anti-\u00eemb\u0103tr\u00e2nire \u0219i \u00eengrijire corporal\u0103.\" \/>\n<meta name=\"robots\" content=\"index, follow, max-snippet:-1, max-image-preview:large, max-video-preview:-1\" \/>\n<link rel=\"canonical\" href=\"https:\/\/meddev.md\/ru\/tehnologii\/\" \/>\n<meta property=\"og:locale\" content=\"ru_RU\" \/>\n<meta property=\"og:type\" content=\"article\" \/>\n<meta property=\"og:title\" content=\"Tehnologii Estetice Avansate | Solu\u021bii Inovative \u2013 MedDev\" \/>\n<meta property=\"og:description\" content=\"Exploreaz\u0103 tehnologiile estetice avansate pentru rejuvenare facial\u0103, tratamente anti-\u00eemb\u0103tr\u00e2nire \u0219i \u00eengrijire corporal\u0103.\" \/>\n<meta property=\"og:url\" content=\"https:\/\/meddev.md\/ru\/tehnologii\/\" \/>\n<meta property=\"og:site_name\" content=\"MedDev\" \/>\n<meta property=\"article:publisher\" content=\"https:\/\/www.facebook.com\/meddev.md\" \/>\n<meta property=\"article:modified_time\" content=\"2026-03-01T12:49:06+00:00\" \/>\n<meta name=\"twitter:card\" content=\"summary_large_image\" \/>\n<script type=\"application\/ld+json\" class=\"yoast-schema-graph\">{\"@context\":\"https:\/\/schema.org\",\"@graph\":[{\"@type\":\"WebPage\",\"@id\":\"https:\/\/meddev.md\/tehnologii\/\",\"url\":\"https:\/\/meddev.md\/tehnologii\/\",\"name\":\"Tehnologii Estetice Avansate | Solu\u021bii Inovative \u2013 MedDev\",\"isPartOf\":{\"@id\":\"https:\/\/meddev.md\/#website\"},\"datePublished\":\"2025-03-25T12:14:42+00:00\",\"dateModified\":\"2026-03-01T12:49:06+00:00\",\"description\":\"Exploreaz\u0103 tehnologiile estetice avansate pentru rejuvenare facial\u0103, tratamente anti-\u00eemb\u0103tr\u00e2nire \u0219i \u00eengrijire corporal\u0103.\",\"breadcrumb\":{\"@id\":\"https:\/\/meddev.md\/tehnologii\/#breadcrumb\"},\"inLanguage\":\"ru-RU\",\"potentialAction\":[{\"@type\":\"ReadAction\",\"target\":[\"https:\/\/meddev.md\/tehnologii\/\"]}]},{\"@type\":\"BreadcrumbList\",\"@id\":\"https:\/\/meddev.md\/tehnologii\/#breadcrumb\",\"itemListElement\":[{\"@type\":\"ListItem\",\"position\":1,\"name\":\"Prima pagin\u0103\",\"item\":\"https:\/\/meddev.md\/\"},{\"@type\":\"ListItem\",\"position\":2,\"name\":\"Tehnologii\"}]},{\"@type\":\"WebSite\",\"@id\":\"https:\/\/meddev.md\/#website\",\"url\":\"https:\/\/meddev.md\/\",\"name\":\"MedDev\",\"description\":\"\",\"publisher\":{\"@id\":\"https:\/\/meddev.md\/#organization\"},\"potentialAction\":[{\"@type\":\"SearchAction\",\"target\":{\"@type\":\"EntryPoint\",\"urlTemplate\":\"https:\/\/meddev.md\/?s={search_term_string}\"},\"query-input\":{\"@type\":\"PropertyValueSpecification\",\"valueRequired\":true,\"valueName\":\"search_term_string\"}}],\"inLanguage\":\"ru-RU\"},{\"@type\":\"Organization\",\"@id\":\"https:\/\/meddev.md\/#organization\",\"name\":\"MedDev\",\"url\":\"https:\/\/meddev.md\/\",\"logo\":{\"@type\":\"ImageObject\",\"inLanguage\":\"ru-RU\",\"@id\":\"https:\/\/meddev.md\/#\/schema\/logo\/image\/\",\"url\":\"https:\/\/meddev.md\/wp-content\/uploads\/2025\/03\/1_m.svg\",\"contentUrl\":\"https:\/\/meddev.md\/wp-content\/uploads\/2025\/03\/1_m.svg\",\"width\":100,\"height\":100,\"caption\":\"MedDev\"},\"image\":{\"@id\":\"https:\/\/meddev.md\/#\/schema\/logo\/image\/\"},\"sameAs\":[\"https:\/\/www.facebook.com\/meddev.md\",\"https:\/\/www.instagram.com\/meddev.md\/\"]}]}<\/script>\n<!-- \/ Yoast SEO plugin. -->","yoast_head_json":{"title":"Tehnologii Estetice Avansate | Solu\u021bii Inovative \u2013 MedDev","description":"Exploreaz\u0103 tehnologiile estetice avansate pentru rejuvenare facial\u0103, tratamente anti-\u00eemb\u0103tr\u00e2nire \u0219i \u00eengrijire corporal\u0103.","robots":{"index":"index","follow":"follow","max-snippet":"max-snippet:-1","max-image-preview":"max-image-preview:large","max-video-preview":"max-video-preview:-1"},"canonical":"https:\/\/meddev.md\/ru\/tehnologii\/","og_locale":"ru_RU","og_type":"article","og_title":"Tehnologii Estetice Avansate | Solu\u021bii Inovative \u2013 MedDev","og_description":"Exploreaz\u0103 tehnologiile estetice avansate pentru rejuvenare facial\u0103, tratamente anti-\u00eemb\u0103tr\u00e2nire \u0219i \u00eengrijire corporal\u0103.","og_url":"https:\/\/meddev.md\/ru\/tehnologii\/","og_site_name":"MedDev","article_publisher":"https:\/\/www.facebook.com\/meddev.md","article_modified_time":"2026-03-01T12:49:06+00:00","twitter_card":"summary_large_image","schema":{"@context":"https:\/\/schema.org","@graph":[{"@type":"WebPage","@id":"https:\/\/meddev.md\/tehnologii\/","url":"https:\/\/meddev.md\/tehnologii\/","name":"Tehnologii Estetice Avansate | Solu\u021bii Inovative \u2013 MedDev","isPartOf":{"@id":"https:\/\/meddev.md\/#website"},"datePublished":"2025-03-25T12:14:42+00:00","dateModified":"2026-03-01T12:49:06+00:00","description":"Exploreaz\u0103 tehnologiile estetice avansate pentru rejuvenare facial\u0103, tratamente anti-\u00eemb\u0103tr\u00e2nire \u0219i \u00eengrijire corporal\u0103.","breadcrumb":{"@id":"https:\/\/meddev.md\/tehnologii\/#breadcrumb"},"inLanguage":"ru-RU","potentialAction":[{"@type":"ReadAction","target":["https:\/\/meddev.md\/tehnologii\/"]}]},{"@type":"BreadcrumbList","@id":"https:\/\/meddev.md\/tehnologii\/#breadcrumb","itemListElement":[{"@type":"ListItem","position":1,"name":"Prima pagin\u0103","item":"https:\/\/meddev.md\/"},{"@type":"ListItem","position":2,"name":"Tehnologii"}]},{"@type":"WebSite","@id":"https:\/\/meddev.md\/#website","url":"https:\/\/meddev.md\/","name":"MedDev","description":"","publisher":{"@id":"https:\/\/meddev.md\/#organization"},"potentialAction":[{"@type":"SearchAction","target":{"@type":"EntryPoint","urlTemplate":"https:\/\/meddev.md\/?s={search_term_string}"},"query-input":{"@type":"PropertyValueSpecification","valueRequired":true,"valueName":"search_term_string"}}],"inLanguage":"ru-RU"},{"@type":"Organization","@id":"https:\/\/meddev.md\/#organization","name":"MedDev","url":"https:\/\/meddev.md\/","logo":{"@type":"ImageObject","inLanguage":"ru-RU","@id":"https:\/\/meddev.md\/#\/schema\/logo\/image\/","url":"https:\/\/meddev.md\/wp-content\/uploads\/2025\/03\/1_m.svg","contentUrl":"https:\/\/meddev.md\/wp-content\/uploads\/2025\/03\/1_m.svg","width":100,"height":100,"caption":"MedDev"},"image":{"@id":"https:\/\/meddev.md\/#\/schema\/logo\/image\/"},"sameAs":["https:\/\/www.facebook.com\/meddev.md","https:\/\/www.instagram.com\/meddev.md\/"]}]}},"_links":{"self":[{"href":"https:\/\/meddev.md\/ru\/wp-json\/wp\/v2\/pages\/1136","targetHints":{"allow":["GET"]}}],"collection":[{"href":"https:\/\/meddev.md\/ru\/wp-json\/wp\/v2\/pages"}],"about":[{"href":"https:\/\/meddev.md\/ru\/wp-json\/wp\/v2\/types\/page"}],"author":[{"embeddable":true,"href":"https:\/\/meddev.md\/ru\/wp-json\/wp\/v2\/users\/1"}],"replies":[{"embeddable":true,"href":"https:\/\/meddev.md\/ru\/wp-json\/wp\/v2\/comments?post=1136"}],"version-history":[{"count":3,"href":"https:\/\/meddev.md\/ru\/wp-json\/wp\/v2\/pages\/1136\/revisions"}],"predecessor-version":[{"id":2855,"href":"https:\/\/meddev.md\/ru\/wp-json\/wp\/v2\/pages\/1136\/revisions\/2855"}],"wp:attachment":[{"href":"https:\/\/meddev.md\/ru\/wp-json\/wp\/v2\/media?parent=1136"}],"curies":[{"name":"wp","href":"https:\/\/api.w.org\/{rel}","templated":true}]}}